{"id":7352,"date":"2022-04-06T09:30:53","date_gmt":"2022-04-06T07:30:53","guid":{"rendered":"https:\/\/datamondial.websols.nl\/privacyverklaring\/"},"modified":"2026-01-07T17:40:32","modified_gmt":"2026-01-07T16:40:32","slug":"declaratie-de-confidentialitate","status":"publish","type":"page","link":"https:\/\/www.datamondial.com\/ro\/declaratie-de-confidentialitate\/","title":{"rendered":"Declara\u021bie de confiden\u021bialitate"},"content":{"rendered":"<div id='av_section_1'  class='avia-section av-4qbjm1-a3d28d55cf775425c570319bd2d7c9d0 main_color avia-section-default avia-no-border-styling  avia-builder-el-0  avia-builder-el-no-sibling  avia-bg-style-scroll container_wrap fullsize'  ><div class='container av-section-cont-open' ><main  role=\"main\" itemprop=\"mainContentOfPage\"  class='template-page content  av-content-full alpha units'><div class='post-entry post-entry-type-page post-entry-7352'><div class='entry-content-wrapper clearfix'>\n<div  class='flex_column av-2vqfbd-6091be4978d70371bd7fefcf398bec8e av_one_full  avia-builder-el-1  avia-builder-el-no-sibling  first flex_column_div  '     ><p>\n<style type=\"text\/css\" data-created_by=\"avia_inline_auto\" id=\"style-css-av-l1xm1mhv-6acd4c2378626d49a8c88ff4ef387fc2\">\n#top .av-special-heading.av-l1xm1mhv-6acd4c2378626d49a8c88ff4ef387fc2{\npadding-bottom:10px;\n}\nbody .av-special-heading.av-l1xm1mhv-6acd4c2378626d49a8c88ff4ef387fc2 .av-special-heading-tag .heading-char{\nfont-size:25px;\n}\n.av-special-heading.av-l1xm1mhv-6acd4c2378626d49a8c88ff4ef387fc2 .av-subheading{\nfont-size:15px;\n}\n<\/style>\n<div  class='av-special-heading av-l1xm1mhv-6acd4c2378626d49a8c88ff4ef387fc2 av-special-heading-h1 blockquote modern-quote  avia-builder-el-2  el_before_av_textblock  avia-builder-el-first  pijltjeh1'><h1 class='av-special-heading-tag '  itemprop=\"headline\"  >Declara\u021bie de confiden\u021bialitate<\/h1><div class=\"special-heading-border\"><div class=\"special-heading-inner-border\"><\/div><\/div><\/div><br \/>\n<section  class='av_textblock_section av-l1xm5dkf-8303f5f4c6555ff7ca928c37a249ed50 '   itemscope=\"itemscope\" itemtype=\"https:\/\/schema.org\/CreativeWork\" ><div class='avia_textblock'  itemprop=\"text\" ><p>DataMondial este responsabil\u0103 pentru prelucrarea datelor cu caracter personal prev\u0103zute \u00een aceast\u0103 declara\u021bie de confiden\u021bialitate.<\/p>\n<h3><strong>Datele cu caracter personal pe care le prelucr\u0103m<\/strong><\/h3>\n<p><em>Website<\/em><\/p>\n<p>Prelucr\u0103m date despre activit\u0103\u021bile dvs. pe site-ul nostru. \u00cen plus, proces\u0103m numele \u0219i prenumele, adresa, num\u0103rul de telefon, adresa de e-mail pe care ni le furniza\u021bi utiliz\u00e2nd formularul nostru de contact sau prin social media.<\/p>\n<p>Nu prelucr\u0103m date cu caracter personal speciale sau sensibile. Nu vom stoca datele dvs. cu caracter personal mai mult dec\u00e2t este strict necesar pentru a \u00eendeplini scopurile pentru care sunt colectate datele dvs.<\/p>\n<p><em>CV Online<\/em><\/p>\n<p>\u00cen privin\u021ba datelor pe care ni le oferi voluntar prin completarea \u0219i trimiterea formularului denumit \u201cCV Online\u201d aferent sau prin contactarea noastr\u0103 \u00een orice mod, temeiul legal este\u00a0<em>\u201eluarea unor m\u0103suri la cererea persoanei vizate \u00eenaintea \u00eencheierii unui contract\u201d<\/em>\u00a0(art. 5 din Legea nr. 190\/31.07.2018) \u0219i\u00a0<em>\u201epentru a face demersuri la cererea persoanei vizate \u00eenainte de \u00eencheierea unui contract\u201d\u00a0<\/em>(art. 6 alin. (1) lit. b din Regulamentul (UE) 679\/2016).<\/p>\n<p>At\u00e2t potrivit legisla\u021biei actuale, c\u00e2t \u0219i potrivit GDPR (aplicabil din 25 mai 2018), consim\u021b\u0103m\u00e2ntul t\u0103u nu este cerut \u00een situa\u021bia \u00een care prelucrarea este necesar\u0103 pentru efectuarea de demersuri pentru \u00eencheierea unui contract, \u00eendeplinirea unei obliga\u021bii legale sau interesul legitim.<\/p>\n<h3><strong>Partajare datelor cu caracter personal cu ter\u021be p\u0103r\u021bi<\/strong><\/h3>\n<p>DataMondial nu va vinde datele dvs. unor ter\u021be p\u0103r\u021bi \u0219i le furnizeaz\u0103 numai dac\u0103 este necesar pentru executarea contractului nostru cu dvs. sau pentru a \u00eendeplini o obliga\u021bie legal\u0103.<\/p>\n<h3><strong>Cookie-uri sau tehnologii similare pe care le folosim<\/strong><\/h3>\n<p>DataMondial utilizeaz\u0103 cookie-uri func\u021bionale \u0219i analitice. Un cookie este un mic fi\u0219ier text stocat \u00een browserul calculatorului, al tabletei sau al smartphone-ului dvs. atunci c\u00e2nd vizita\u021bi acest site pentru prima dat\u0103. V\u0103 pute\u021bi dezabona de la cookie-uri prin configurarea browserului dvs. de internet astfel \u00eenc\u00e2t s\u0103 nu mai stocheze cookie-uri. \u00cen plus, pute\u021bi \u0219terge toate informa\u021biile stocate anterior utiliz\u00e2nd set\u0103rile browserului. V\u0103 pute\u021bi modifica sau retrage consim\u021b\u0103m\u00e2ntul \u00een orice moment prin intermediul Declara\u021biei noastre privind <a href=\"https:\/\/www.datamondial.com\/ro\/cookies\/\">cookie-urile<\/a>.<\/p>\n<p>DataMondial utilizeaz\u0103 cookie-uri \u00een urm\u0103toarele scopuri:<\/p>\n<ul>\n<li>optimizarea site-ului<\/li>\n<li>colectarea \u0219i analiza statisticilor (Google Analytics)<\/li>\n<li>Pentru activit\u0103\u021bile noastre de v\u00e2nz\u0103ri utiliz\u0103m serviciul de generare de lead-uri (poten\u021biali cump\u0103r\u0103tori) al Leadinfo B.V. Acest instrument recunoa\u0219te vizit\u0103rile companiei pe site-ul nostru pe baza adreselor IP \u0219i ne arat\u0103 doar informa\u021bii disponibile public, cum ar fi adresele sau numele companiei. \u00cen plus, Leadinfo plaseaz\u0103 dou\u0103 cookie-uri de prim\u0103 parte pentru a evalua comportamentul utilizatorilor pe site-ul nostru \u0219i instrumentul proceseaz\u0103 domenii din intr\u0103rile de formular (de exemplu \u201eLeadinfo.com\u201d) pentru a permite adreselor IP s\u0103 corespund\u0103 cu companiile \u0219i pentru a \u00eembun\u0103t\u0103\u021bi serviciile. Mai multe informa\u021bii sunt disponibile pe <a href=\"https:\/\/www.leadinfo.com\/en\/\" target=\"_blank\" rel=\"noopener\">www.leadinfo.com<\/a>. <a href=\"https:\/\/www.leadinfo.com\/en\/opt-out\" target=\"_blank\" rel=\"noopener\">Pe site-ul Leadinfo<\/a> pute\u021bi indica faptul c\u0103 datele dvs. nu vor fi \u00eenregistrate de Leadinfo (renun\u021bare) pentru activit\u0103\u021bile de v\u00e2nz\u0103ri<\/li>\n<\/ul>\n<h3><strong>Vizualizarea, corectarea sau \u0219tergerea datelor\u00a0 <\/strong><\/h3>\n<p>Ave\u021bi dreptul s\u0103 vizualiza\u021bi, s\u0103 corecta\u021bi sau s\u0103 \u0219terge\u021bi datele dvs. cu caracter personal. De asemenea, ave\u021bi dreptul de a v\u0103 retrage posibilul consim\u021b\u0103m\u00e2nt pentru prelucrarea datelor sau de a v\u0103 opune prelucr\u0103rii datelor dvs. cu caracter personal de c\u0103tre compania noastr\u0103.<\/p>\n<p>Dac\u0103 dori\u021bi s\u0103 v\u0103 exercita\u021bi dreptul de a v\u0103 opune sau dac\u0103 ave\u021bi alte \u00eentreb\u0103ri\/comentarii cu privire la prelucrarea datelor, v\u0103 rug\u0103m s\u0103 trimite\u021bi o solicitare la <a href=\"mailto:info@datamondial.com\" target=\"_blank\" rel=\"noopener\">info@datamondial.com<\/a>.<\/p>\n<p>DataMondial dore\u0219te s\u0103 mai sublinieze c\u0103 ave\u021bi posibilitatea s\u0103 depune\u021bi o pl\u00e2ngere la autoritatea na\u021bional\u0103 de supraveghere, autoritatea olandez\u0103 pentru protec\u021bia datelor cu caracter personal.<\/p>\n<h3><strong>Cum securiz\u0103m datele cu caracter personal<\/strong><\/h3>\n<p>DataMondial ia foarte \u00een serios protec\u021bia datelor dvs. \u0219i adopt\u0103 m\u0103suri adecvate pentru a preveni abuzul, pierderea, accesul neautorizat, divulgarea nedorit\u0103 \u0219i modificarea neautorizat\u0103.<\/p>\n<p>Dac\u0103 considera\u021bi c\u0103 datele dvs. nu sunt securizate corespunz\u0103tor sau dac\u0103 exist\u0103 indicii de abuz, v\u0103 rug\u0103m s\u0103 ne contacta\u021bi la <a href=\"mailto:info@datamondial.com\" target=\"_blank\" rel=\"noopener\">info@datamondial.com<\/a>.<\/p>\n<h2><strong>Conditii generale de utilizare a site-ului<\/strong><\/h2>\n<p>Utilizatorii pot beneficia de serviciile site-ului <a href=\"https:\/\/www.datamondial.com\/ro\/\">https:\/\/www.datamondial.com<\/a> fara nici un cost aditional. Continuarea utiliz\u0103rii site-ului implic\u0103 acceptarea necondi\u021bionat\u0103 a condi\u021biilor prezentate \u00een cele ce urmeaz\u0103.<\/p>\n<h3><strong>Drepturi de proprietate intelectual\u0103<\/strong><\/h3>\n<p>DataMondial detine toate drepturile de proprietare intelectuala aferente intregului site, incluzand dar fara a se limita la: platforme software, texte, imagini si\/sau sunete. Duplicarea, distributia si publicarea platformelor software, a textelor, imaginilor sau sunetelor de pe site-ul DataMondial ester permis doar cu acceptul administratorilor. Cererile in scris trebuie trimise catre DataMondial, la adresa <a href=\"mailto:info@datamondial.com\">info@datamondial.com<\/a>.<\/p>\n<h3><strong>Raspundere limitata<\/strong><\/h3>\n<p>De\u015fi depunem toate eforturile pentru a v\u0103 transmite informa\u0163ii actualizate \u015fi exacte, pentru a prezenta in mod cat mai clar \u015fi concis toate informa\u0163iile din acest site, DataMondial nu garanteaza ca prezentele pagini sunt complete si exacte. DataMondial nu va fi legal responsabil\u0103 sub nici o form\u0103 pentru pentru nici un fel de daune, fie ele directe sau indirecte, survenite ca urmare a acces\u0103rii sau folosirii oric\u0103rei informa\u0163ii furnizate \u00een cadrul acestei pagini de Internet sau \u00een cadrul oric\u0103rei alte pagini la care se face trimitere de la aceast\u0103 pagin\u0103 de Internet. Ne delimitam de asemenea de daunele aparute in urma livrarii complete a serviciilor sau imposibilitatea livrarii acestora.<\/p>\n<h3><strong>Modificari<\/strong><\/h3>\n<p>Continutul site-ului DataMondial este actualizat in mod regulat. DataMondial isi rezerva dreptul\u00a0 sa modifice continutul in orice moment fara a anunta in avans.<\/p>\n<h3><strong>Detalii de contact pentru DataMondial<\/strong><\/h3>\n<p>Laarderhoogtweg 25<br \/>\n1101 EB Amsterdam<br \/>\nOlanda<br \/>\n<a href=\"tel:+31104421878\">+31 10 442 18 78<\/a><br \/>\n<a href=\"mailto:info@datamondial.com\">info@datamondial.com<\/a><\/p>\n<p>Ultima modificare la 7 ianuarie 2026.<\/p>\n<\/div><\/section><\/p><\/div>\n","protected":false},"excerpt":{"rendered":"","protected":false},"author":5,"featured_media":0,"parent":0,"menu_order":0,"comment_status":"closed","ping_status":"closed","template":"","meta":{"_acf_changed":false,"footnotes":""},"class_list":["post-7352","page","type-page","status-publish","hentry"],"acf":[],"yoast_head":"<!-- This site is optimized with the Yoast SEO plugin v26.6 - https:\/\/yoast.com\/wordpress\/plugins\/seo\/ -->\n<title>Declara\u021bie de confiden\u021bialitate - DataMondial<\/title>\n<meta name=\"robots\" content=\"index, follow, max-snippet:-1, max-image-preview:large, max-video-preview:-1\" \/>\n<link rel=\"canonical\" href=\"https:\/\/www.datamondial.com\/ro\/declaratie-de-confidentialitate\/\" \/>\n<meta property=\"og:locale\" content=\"ro_RO\" \/>\n<meta property=\"og:type\" content=\"article\" \/>\n<meta property=\"og:title\" content=\"Declara\u021bie de confiden\u021bialitate - DataMondial\" \/>\n<meta property=\"og:url\" content=\"https:\/\/www.datamondial.com\/ro\/declaratie-de-confidentialitate\/\" \/>\n<meta property=\"og:site_name\" content=\"DataMondial\" \/>\n<meta property=\"article:modified_time\" content=\"2026-01-07T16:40:32+00:00\" \/>\n<meta property=\"og:image\" content=\"https:\/\/www.datamondial.com\/wp-content\/uploads\/2022\/10\/datamondial_opengraph.png\" \/>\n\t<meta property=\"og:image:width\" content=\"1200\" \/>\n\t<meta property=\"og:image:height\" content=\"630\" \/>\n\t<meta property=\"og:image:type\" content=\"image\/png\" \/>\n<meta name=\"twitter:card\" content=\"summary_large_image\" \/>\n<meta name=\"twitter:label1\" content=\"Timp estimat pentru citire\" \/>\n\t<meta name=\"twitter:data1\" content=\"5 minute\" \/>\n<script type=\"application\/ld+json\" class=\"yoast-schema-graph\">{\"@context\":\"https:\/\/schema.org\",\"@graph\":[{\"@type\":\"WebPage\",\"@id\":\"https:\/\/www.datamondial.com\/ro\/declaratie-de-confidentialitate\/\",\"url\":\"https:\/\/www.datamondial.com\/ro\/declaratie-de-confidentialitate\/\",\"name\":\"Declara\u021bie de confiden\u021bialitate - DataMondial\",\"isPartOf\":{\"@id\":\"https:\/\/www.datamondial.com\/#website\"},\"datePublished\":\"2022-04-06T07:30:53+00:00\",\"dateModified\":\"2026-01-07T16:40:32+00:00\",\"breadcrumb\":{\"@id\":\"https:\/\/www.datamondial.com\/ro\/declaratie-de-confidentialitate\/#breadcrumb\"},\"inLanguage\":\"ro-RO\",\"potentialAction\":[{\"@type\":\"ReadAction\",\"target\":[\"https:\/\/www.datamondial.com\/ro\/declaratie-de-confidentialitate\/\"]}]},{\"@type\":\"BreadcrumbList\",\"@id\":\"https:\/\/www.datamondial.com\/ro\/declaratie-de-confidentialitate\/#breadcrumb\",\"itemListElement\":[{\"@type\":\"ListItem\",\"position\":1,\"name\":\"Home\",\"item\":\"https:\/\/www.datamondial.com\/ro\/\"},{\"@type\":\"ListItem\",\"position\":2,\"name\":\"Declara\u021bie de confiden\u021bialitate\"}]},{\"@type\":\"WebSite\",\"@id\":\"https:\/\/www.datamondial.com\/#website\",\"url\":\"https:\/\/www.datamondial.com\/\",\"name\":\"DataMondial\",\"description\":\"\",\"publisher\":{\"@id\":\"https:\/\/www.datamondial.com\/#organization\"},\"potentialAction\":[{\"@type\":\"SearchAction\",\"target\":{\"@type\":\"EntryPoint\",\"urlTemplate\":\"https:\/\/www.datamondial.com\/?s={search_term_string}\"},\"query-input\":{\"@type\":\"PropertyValueSpecification\",\"valueRequired\":true,\"valueName\":\"search_term_string\"}}],\"inLanguage\":\"ro-RO\"},{\"@type\":\"Organization\",\"@id\":\"https:\/\/www.datamondial.com\/#organization\",\"name\":\"DataMondial\",\"url\":\"https:\/\/www.datamondial.com\/\",\"logo\":{\"@type\":\"ImageObject\",\"inLanguage\":\"ro-RO\",\"@id\":\"https:\/\/www.datamondial.com\/#\/schema\/logo\/image\/\",\"url\":\"https:\/\/www.datamondial.com\/wp-content\/uploads\/2022\/10\/datamondial_onderschrift.svg\",\"contentUrl\":\"https:\/\/www.datamondial.com\/wp-content\/uploads\/2022\/10\/datamondial_onderschrift.svg\",\"width\":431,\"height\":94,\"caption\":\"DataMondial\"},\"image\":{\"@id\":\"https:\/\/www.datamondial.com\/#\/schema\/logo\/image\/\"},\"sameAs\":[\"https:\/\/www.linkedin.com\/company\/datamondial\/\"]}]}<\/script>\n<!-- \/ Yoast SEO plugin. -->","yoast_head_json":{"title":"Declara\u021bie de confiden\u021bialitate - DataMondial","robots":{"index":"index","follow":"follow","max-snippet":"max-snippet:-1","max-image-preview":"max-image-preview:large","max-video-preview":"max-video-preview:-1"},"canonical":"https:\/\/www.datamondial.com\/ro\/declaratie-de-confidentialitate\/","og_locale":"ro_RO","og_type":"article","og_title":"Declara\u021bie de confiden\u021bialitate - DataMondial","og_url":"https:\/\/www.datamondial.com\/ro\/declaratie-de-confidentialitate\/","og_site_name":"DataMondial","article_modified_time":"2026-01-07T16:40:32+00:00","og_image":[{"width":1200,"height":630,"url":"https:\/\/www.datamondial.com\/wp-content\/uploads\/2022\/10\/datamondial_opengraph.png","type":"image\/png"}],"twitter_card":"summary_large_image","twitter_misc":{"Timp estimat pentru citire":"5 minute"},"schema":{"@context":"https:\/\/schema.org","@graph":[{"@type":"WebPage","@id":"https:\/\/www.datamondial.com\/ro\/declaratie-de-confidentialitate\/","url":"https:\/\/www.datamondial.com\/ro\/declaratie-de-confidentialitate\/","name":"Declara\u021bie de confiden\u021bialitate - DataMondial","isPartOf":{"@id":"https:\/\/www.datamondial.com\/#website"},"datePublished":"2022-04-06T07:30:53+00:00","dateModified":"2026-01-07T16:40:32+00:00","breadcrumb":{"@id":"https:\/\/www.datamondial.com\/ro\/declaratie-de-confidentialitate\/#breadcrumb"},"inLanguage":"ro-RO","potentialAction":[{"@type":"ReadAction","target":["https:\/\/www.datamondial.com\/ro\/declaratie-de-confidentialitate\/"]}]},{"@type":"BreadcrumbList","@id":"https:\/\/www.datamondial.com\/ro\/declaratie-de-confidentialitate\/#breadcrumb","itemListElement":[{"@type":"ListItem","position":1,"name":"Home","item":"https:\/\/www.datamondial.com\/ro\/"},{"@type":"ListItem","position":2,"name":"Declara\u021bie de confiden\u021bialitate"}]},{"@type":"WebSite","@id":"https:\/\/www.datamondial.com\/#website","url":"https:\/\/www.datamondial.com\/","name":"DataMondial","description":"","publisher":{"@id":"https:\/\/www.datamondial.com\/#organization"},"potentialAction":[{"@type":"SearchAction","target":{"@type":"EntryPoint","urlTemplate":"https:\/\/www.datamondial.com\/?s={search_term_string}"},"query-input":{"@type":"PropertyValueSpecification","valueRequired":true,"valueName":"search_term_string"}}],"inLanguage":"ro-RO"},{"@type":"Organization","@id":"https:\/\/www.datamondial.com\/#organization","name":"DataMondial","url":"https:\/\/www.datamondial.com\/","logo":{"@type":"ImageObject","inLanguage":"ro-RO","@id":"https:\/\/www.datamondial.com\/#\/schema\/logo\/image\/","url":"https:\/\/www.datamondial.com\/wp-content\/uploads\/2022\/10\/datamondial_onderschrift.svg","contentUrl":"https:\/\/www.datamondial.com\/wp-content\/uploads\/2022\/10\/datamondial_onderschrift.svg","width":431,"height":94,"caption":"DataMondial"},"image":{"@id":"https:\/\/www.datamondial.com\/#\/schema\/logo\/image\/"},"sameAs":["https:\/\/www.linkedin.com\/company\/datamondial\/"]}]}},"_links":{"self":[{"href":"https:\/\/www.datamondial.com\/ro\/wp-json\/wp\/v2\/pages\/7352","targetHints":{"allow":["GET"]}}],"collection":[{"href":"https:\/\/www.datamondial.com\/ro\/wp-json\/wp\/v2\/pages"}],"about":[{"href":"https:\/\/www.datamondial.com\/ro\/wp-json\/wp\/v2\/types\/page"}],"author":[{"embeddable":true,"href":"https:\/\/www.datamondial.com\/ro\/wp-json\/wp\/v2\/users\/5"}],"replies":[{"embeddable":true,"href":"https:\/\/www.datamondial.com\/ro\/wp-json\/wp\/v2\/comments?post=7352"}],"version-history":[{"count":5,"href":"https:\/\/www.datamondial.com\/ro\/wp-json\/wp\/v2\/pages\/7352\/revisions"}],"predecessor-version":[{"id":14695,"href":"https:\/\/www.datamondial.com\/ro\/wp-json\/wp\/v2\/pages\/7352\/revisions\/14695"}],"wp:attachment":[{"href":"https:\/\/www.datamondial.com\/ro\/wp-json\/wp\/v2\/media?parent=7352"}],"curies":[{"name":"wp","href":"https:\/\/api.w.org\/{rel}","templated":true}]}}