{"id":6397,"date":"2022-04-06T09:30:53","date_gmt":"2022-04-06T07:30:53","guid":{"rendered":"https:\/\/datamondial.websols.nl\/privacyverklaring\/"},"modified":"2026-01-07T15:41:06","modified_gmt":"2026-01-07T14:41:06","slug":"datenschutzhinweis","status":"publish","type":"page","link":"https:\/\/www.datamondial.com\/de\/datenschutzhinweis\/","title":{"rendered":"Datenschutzhinweis"},"content":{"rendered":"<div id='av_section_1'  class='avia-section av-4qbjm1-a3d28d55cf775425c570319bd2d7c9d0 main_color avia-section-default avia-no-border-styling  avia-builder-el-0  avia-builder-el-no-sibling  avia-bg-style-scroll container_wrap fullsize'  ><div class='container av-section-cont-open' ><main  role=\"main\" itemprop=\"mainContentOfPage\"  class='template-page content  av-content-full alpha units'><div class='post-entry post-entry-type-page post-entry-6397'><div class='entry-content-wrapper clearfix'>\n<div  class='flex_column av-2vqfbd-6091be4978d70371bd7fefcf398bec8e av_one_full  avia-builder-el-1  avia-builder-el-no-sibling  first flex_column_div  '     ><p>\n<style type=\"text\/css\" data-created_by=\"avia_inline_auto\" id=\"style-css-av-l1xm1mhv-88d8b323a76fb31d63fe205a9c176aa3\">\n#top .av-special-heading.av-l1xm1mhv-88d8b323a76fb31d63fe205a9c176aa3{\npadding-bottom:10px;\n}\nbody .av-special-heading.av-l1xm1mhv-88d8b323a76fb31d63fe205a9c176aa3 .av-special-heading-tag .heading-char{\nfont-size:25px;\n}\n.av-special-heading.av-l1xm1mhv-88d8b323a76fb31d63fe205a9c176aa3 .av-subheading{\nfont-size:15px;\n}\n<\/style>\n<div  class='av-special-heading av-l1xm1mhv-88d8b323a76fb31d63fe205a9c176aa3 av-special-heading-h1 blockquote modern-quote  avia-builder-el-2  el_before_av_textblock  avia-builder-el-first  pijltjeh1'><h1 class='av-special-heading-tag '  itemprop=\"headline\"  >Datenschutzhinweis<\/h1><div class=\"special-heading-border\"><div class=\"special-heading-inner-border\"><\/div><\/div><\/div><br \/>\n<section  class='av_textblock_section av-l1xm5dkf-4c6aaddb0f67529228ed799f0b1daf2c '   itemscope=\"itemscope\" itemtype=\"https:\/\/schema.org\/CreativeWork\" ><div class='avia_textblock'  itemprop=\"text\" ><p>DataMondial ist verantwortlich f\u00fcr die Verarbeitung der in dieser Datenschutzhinweis aufgef\u00fchrten personenbezogenen Daten.<\/p>\n<h3><strong>Personenbezogene Daten, die wir verarbeiten<\/strong><\/h3>\n<p>Wir verarbeiten Daten \u00fcber Ihre Aktivit\u00e4ten auf unserer Webseite. Dar\u00fcber hinaus verarbeiten wir Vor- und Nachnamen, Adressdaten, Telefonnummer, E-Mail-Adresse, die Sie uns \u00fcber unser Kontaktformular zur Verf\u00fcgung stellen oder \u00fcber soziale Medien.<\/p>\n<p>Wir verarbeiten keine besonderen oder sensiblen personenbezogenen Daten. Wir bewahren diese Daten nicht l\u00e4nger auf, als es unbedingt notwendig ist, um die Zwecke zu erf\u00fcllen, f\u00fcr die Ihre Daten erhoben wurden.<\/p>\n<h3><strong>Weitergabe von personenbezogenen Daten an Dritte<\/strong><\/h3>\n<p>DataMondial verkauft Ihre Daten nicht an Dritte und stellt diese nur dann zur Verf\u00fcgung, wenn dies f\u00fcr die Durchf\u00fchrung des Vertrages mit Ihnen oder zur Erf\u00fcllung einer gesetzlichen Verpflichtung erforderlich ist.<\/p>\n<h3><strong>Cookies oder vergleichbare Technologien, die wir einsetzen<\/strong><\/h3>\n<p>Die Webseite von DataMondial verwendet technische, funktionale und analytische Cookies. Ein Cookie ist eine kleine Textdatei, die im Browser Ihres Computers, Tablets oder Smartphones gespeichert wird, sobald Sie diese Webseite zum ersten Mal aufrufen. Sie k\u00f6nnen Cookies deaktivieren, indem Sie Ihren Internet-Browser so einstellen, dass er keine Cookies mehr speichert. Dar\u00fcber hinaus k\u00f6nnen Sie alle zuvor gespeicherten Informationen \u00fcber Ihre Browsereinstellungen l\u00f6schen.\u00a0Sie k\u00f6nnen Ihre Einwilligung jederzeit \u00fcber <a href=\"https:\/\/www.datamondial.com\/de\/cookies\/\">unsere Cookie-Erkl\u00e4rung<\/a> \u00e4ndern oder widerrufen.<\/p>\n<p>DataMondial verwendet Cookies f\u00fcr die folgenden Zwecke:<\/p>\n<ul>\n<li>die Optimierung der Webseite<\/li>\n<li>die Sammlung und Analyse von Statistiken (Google Analytics)<\/li>\n<li>f\u00fcr Verkaufsaktivit\u00e4ten<\/li>\n<\/ul>\n<p>F\u00fcr unsere Verkaufaktivit\u00e4ten nutzen wir den Lead-Generation-Service von Leadinfo B.V. Dieser erkennt Besuche von Unternehmen auf unserer Website anhand von IP-Adressen und zeigt uns hierzu \u00f6ffentlich verf\u00fcgbare Informationen, wie z.B. Firmennamen oder Adressen. Dar\u00fcber hinaus setzt Leadinfo zwei First-Party-Cookies zur Auswertung des Nutzerverhaltens auf unserer Website und verarbeitet Domains aus Formulareingaben (z.B. \u201eleadinfo.com\u201c), um IP-Adressen mit Unternehmen zu korrelieren und die Services zu verbessern. Weitere Informationen finden Sie unter\u00a0<a href=\"http:\/\/www.leadinfo.com\/\" target=\"_blank\" rel=\"noopener\">www.leadinfo.com<\/a>. Auf dieser Seite:\u00a0<a href=\"http:\/\/www.leadinfo.com\/en\/opt-out\" target=\"_blank\" rel=\"noopener\">www.leadinfo.com\/en\/opt-out<\/a>\u00a0haben Sie eine Opt-out M\u00f6glichkeit. Im Falle eines Opt-outs werden Ihre Daten von Leadinfo nicht mehr erfasst.<\/p>\n<h3><strong>Einsichtnahme, Berichtigung oder L\u00f6schung von Daten\u00a0 <\/strong><\/h3>\n<p>Sie haben das Recht, Ihre personenbezogenen Daten einzusehen, korrigieren oder l\u00f6schen zu lassen. Sie verf\u00fcgen zudem \u00fcber das Recht, Ihre eventuelle Einwilligung zur Datenverarbeitung zur\u00fcckzuziehen oder der Verarbeitung Ihrer personenbezogenen Daten durch unser Unternehmen zu widersprechen.<\/p>\n<p>Wenn Sie von Ihrem Widerspruchsrecht Gebrauch machen m\u00f6chten oder sonstige Fragen\/Bemerkungen zur Datenverarbeitung haben, senden Sie bitte einen entsprechenden Antrag an <a href=\"mailto:info@datamondial.com\" target=\"_blank\" rel=\"noopener\">info@datamondial.com<\/a>.<\/p>\n<p>DataMondial m\u00f6chte Sie auch darauf hinweisen, dass Sie die M\u00f6glichkeit haben, bei der nationalen Aufsichtsbeh\u00f6rde, der niederl\u00e4ndischen Beh\u00f6rde f\u00fcr personenbezogene Daten, eine Beschwerde einzureichen.<\/p>\n<h3><strong>Wie wir f\u00fcr die Sicherheit Ihrer personenbezogenen Daten Sorge tragen<\/strong><\/h3>\n<p>DataMondial legt Wert auf den Schutz Ihrer Daten und ergreift geeignete Ma\u00dfnahmen, um Missbrauch, Verlust, unbefugten Zugriff, unerw\u00fcnschte Offenlegung und unbefugte \u00c4nderungen zu verhindern. Sollten Sie der Auffassung sein, dass Ihre Daten nicht ordnungsgem\u00e4\u00df gesichert sind, oder sollten Sie Anhaltspunkte f\u00fcr einen Missbrauch haben, wenden Sie sich bitte an uns unter <a href=\"mailto:info@datamondial.com\" target=\"_blank\" rel=\"noopener\">info@datamondial.com<\/a>.<\/p>\n<h2><strong>Nutzungsbedingungen<\/strong><\/h2>\n<p>Internetnutzer k\u00f6nnen die Dienste auf der Website von DataMondial (https:\/\/www.datamondial.com) kostenlos nutzen. Durch die Nutzung der DataMondial-Website stimmen Sie den Nutzungsbedingungen f\u00fcr die DataMondial-Website zu.<\/p>\n<h3><strong>Rechte an geistigem Eigentum<\/strong><\/h3>\n<p>Die geistigen Eigentumsrechte an Software, Texten, Bildern und\/oder T\u00f6nen auf der DataMondial-Website liegen bei DataMondial. Die Vervielf\u00e4ltigung, Verbreitung und Ver\u00f6ffentlichung von Software, Texten, Bildern und\/oder Sounds auf der DataMondial-Website ist nur mit vorheriger Zustimmung gestattet. Schriftliche Anfragen sind an DataMondial, <a href=\"mailto:info@datamondial.com\" target=\"_blank\" rel=\"noopener\">info@datamondial.com<\/a>, zu richten.<\/p>\n<h3><strong>Ablehnung der Haftung<\/strong><\/h3>\n<p>Trotz st\u00e4ndiger Sorgfalt und Aufmerksamkeit f\u00fcr die DataMondial-Website garantiert DataMondial nicht die Vollst\u00e4ndigkeit, Richtigkeit oder Aktualit\u00e4t der Inhalte der DataMondial-Website.<\/p>\n<p>DataMondial kann niemals f\u00fcr direkte oder indirekte Sch\u00e4den haftbar gemacht werden, die durch die Nutzung der DataMondial-Website, die Unm\u00f6glichkeit der Nutzung der DataMondial-Website, die Erbringung von Dienstleistungen durch DataMondial oder die Nichterbringung von Dienstleistungen durch DataMondial verursacht werden.<\/p>\n<h3><strong>\u00c4nderungen<\/strong><\/h3>\n<p>Der Inhalt der DataMondial-Website wird regelm\u00e4\u00dfig aktualisiert. DataMondial beh\u00e4lt sich das Recht vor, den Inhalt der DataMondial-Website jederzeit und mit sofortiger Wirkung ohne vorherige Ank\u00fcndigung zu \u00e4ndern.<\/p>\n<h3><strong>Kontaktinformationen f\u00fcr DataMondial<\/strong><\/h3>\n<p>Laarderhoogtweg 25<br \/>\n1101 EB Amsterdam<br \/>\nNiederlande<br \/>\n<a href=\"tel:+31104421878\">+31 10 442 18 78<\/a><br \/>\n<a href=\"mailto:info@datamondial.com\" target=\"_blank\" rel=\"noopener\">info@datamondial.com<\/a><\/p>\n<p>Zuletzt ge\u00e4ndert am 7 Januar 2026.<\/p>\n<\/div><\/section><\/p><\/div>\n","protected":false},"excerpt":{"rendered":"","protected":false},"author":5,"featured_media":0,"parent":0,"menu_order":0,"comment_status":"closed","ping_status":"closed","template":"","meta":{"_acf_changed":false,"footnotes":""},"class_list":["post-6397","page","type-page","status-publish","hentry"],"acf":[],"yoast_head":"<!-- This site is optimized with the Yoast SEO plugin v26.6 - https:\/\/yoast.com\/wordpress\/plugins\/seo\/ -->\n<title>Datenschutzhinweis - DataMondial<\/title>\n<meta name=\"robots\" content=\"index, follow, max-snippet:-1, max-image-preview:large, max-video-preview:-1\" \/>\n<link rel=\"canonical\" href=\"https:\/\/www.datamondial.com\/de\/datenschutzhinweis\/\" \/>\n<meta property=\"og:locale\" content=\"de_DE\" \/>\n<meta property=\"og:type\" content=\"article\" \/>\n<meta property=\"og:title\" content=\"Datenschutzhinweis - DataMondial\" \/>\n<meta property=\"og:url\" content=\"https:\/\/www.datamondial.com\/de\/datenschutzhinweis\/\" \/>\n<meta property=\"og:site_name\" content=\"DataMondial\" \/>\n<meta property=\"article:modified_time\" content=\"2026-01-07T14:41:06+00:00\" \/>\n<meta property=\"og:image\" content=\"https:\/\/www.datamondial.com\/wp-content\/uploads\/2022\/10\/datamondial_opengraph.png\" \/>\n\t<meta property=\"og:image:width\" content=\"1200\" \/>\n\t<meta property=\"og:image:height\" content=\"630\" \/>\n\t<meta property=\"og:image:type\" content=\"image\/png\" \/>\n<meta name=\"twitter:card\" content=\"summary_large_image\" \/>\n<meta name=\"twitter:label1\" content=\"Gesch\u00e4tzte Lesezeit\" \/>\n\t<meta name=\"twitter:data1\" content=\"4\u00a0Minuten\" \/>\n<script type=\"application\/ld+json\" class=\"yoast-schema-graph\">{\"@context\":\"https:\/\/schema.org\",\"@graph\":[{\"@type\":\"WebPage\",\"@id\":\"https:\/\/www.datamondial.com\/de\/datenschutzhinweis\/\",\"url\":\"https:\/\/www.datamondial.com\/de\/datenschutzhinweis\/\",\"name\":\"Datenschutzhinweis - DataMondial\",\"isPartOf\":{\"@id\":\"https:\/\/www.datamondial.com\/#website\"},\"datePublished\":\"2022-04-06T07:30:53+00:00\",\"dateModified\":\"2026-01-07T14:41:06+00:00\",\"breadcrumb\":{\"@id\":\"https:\/\/www.datamondial.com\/de\/datenschutzhinweis\/#breadcrumb\"},\"inLanguage\":\"de\",\"potentialAction\":[{\"@type\":\"ReadAction\",\"target\":[\"https:\/\/www.datamondial.com\/de\/datenschutzhinweis\/\"]}]},{\"@type\":\"BreadcrumbList\",\"@id\":\"https:\/\/www.datamondial.com\/de\/datenschutzhinweis\/#breadcrumb\",\"itemListElement\":[{\"@type\":\"ListItem\",\"position\":1,\"name\":\"Home\",\"item\":\"https:\/\/www.datamondial.com\/de\/\"},{\"@type\":\"ListItem\",\"position\":2,\"name\":\"Datenschutzhinweis\"}]},{\"@type\":\"WebSite\",\"@id\":\"https:\/\/www.datamondial.com\/#website\",\"url\":\"https:\/\/www.datamondial.com\/\",\"name\":\"DataMondial\",\"description\":\"\",\"publisher\":{\"@id\":\"https:\/\/www.datamondial.com\/#organization\"},\"potentialAction\":[{\"@type\":\"SearchAction\",\"target\":{\"@type\":\"EntryPoint\",\"urlTemplate\":\"https:\/\/www.datamondial.com\/?s={search_term_string}\"},\"query-input\":{\"@type\":\"PropertyValueSpecification\",\"valueRequired\":true,\"valueName\":\"search_term_string\"}}],\"inLanguage\":\"de\"},{\"@type\":\"Organization\",\"@id\":\"https:\/\/www.datamondial.com\/#organization\",\"name\":\"DataMondial\",\"url\":\"https:\/\/www.datamondial.com\/\",\"logo\":{\"@type\":\"ImageObject\",\"inLanguage\":\"de\",\"@id\":\"https:\/\/www.datamondial.com\/#\/schema\/logo\/image\/\",\"url\":\"https:\/\/www.datamondial.com\/wp-content\/uploads\/2022\/10\/datamondial_onderschrift.svg\",\"contentUrl\":\"https:\/\/www.datamondial.com\/wp-content\/uploads\/2022\/10\/datamondial_onderschrift.svg\",\"width\":431,\"height\":94,\"caption\":\"DataMondial\"},\"image\":{\"@id\":\"https:\/\/www.datamondial.com\/#\/schema\/logo\/image\/\"},\"sameAs\":[\"https:\/\/www.linkedin.com\/company\/datamondial\/\"]}]}<\/script>\n<!-- \/ Yoast SEO plugin. -->","yoast_head_json":{"title":"Datenschutzhinweis - DataMondial","robots":{"index":"index","follow":"follow","max-snippet":"max-snippet:-1","max-image-preview":"max-image-preview:large","max-video-preview":"max-video-preview:-1"},"canonical":"https:\/\/www.datamondial.com\/de\/datenschutzhinweis\/","og_locale":"de_DE","og_type":"article","og_title":"Datenschutzhinweis - DataMondial","og_url":"https:\/\/www.datamondial.com\/de\/datenschutzhinweis\/","og_site_name":"DataMondial","article_modified_time":"2026-01-07T14:41:06+00:00","og_image":[{"width":1200,"height":630,"url":"https:\/\/www.datamondial.com\/wp-content\/uploads\/2022\/10\/datamondial_opengraph.png","type":"image\/png"}],"twitter_card":"summary_large_image","twitter_misc":{"Gesch\u00e4tzte Lesezeit":"4\u00a0Minuten"},"schema":{"@context":"https:\/\/schema.org","@graph":[{"@type":"WebPage","@id":"https:\/\/www.datamondial.com\/de\/datenschutzhinweis\/","url":"https:\/\/www.datamondial.com\/de\/datenschutzhinweis\/","name":"Datenschutzhinweis - DataMondial","isPartOf":{"@id":"https:\/\/www.datamondial.com\/#website"},"datePublished":"2022-04-06T07:30:53+00:00","dateModified":"2026-01-07T14:41:06+00:00","breadcrumb":{"@id":"https:\/\/www.datamondial.com\/de\/datenschutzhinweis\/#breadcrumb"},"inLanguage":"de","potentialAction":[{"@type":"ReadAction","target":["https:\/\/www.datamondial.com\/de\/datenschutzhinweis\/"]}]},{"@type":"BreadcrumbList","@id":"https:\/\/www.datamondial.com\/de\/datenschutzhinweis\/#breadcrumb","itemListElement":[{"@type":"ListItem","position":1,"name":"Home","item":"https:\/\/www.datamondial.com\/de\/"},{"@type":"ListItem","position":2,"name":"Datenschutzhinweis"}]},{"@type":"WebSite","@id":"https:\/\/www.datamondial.com\/#website","url":"https:\/\/www.datamondial.com\/","name":"DataMondial","description":"","publisher":{"@id":"https:\/\/www.datamondial.com\/#organization"},"potentialAction":[{"@type":"SearchAction","target":{"@type":"EntryPoint","urlTemplate":"https:\/\/www.datamondial.com\/?s={search_term_string}"},"query-input":{"@type":"PropertyValueSpecification","valueRequired":true,"valueName":"search_term_string"}}],"inLanguage":"de"},{"@type":"Organization","@id":"https:\/\/www.datamondial.com\/#organization","name":"DataMondial","url":"https:\/\/www.datamondial.com\/","logo":{"@type":"ImageObject","inLanguage":"de","@id":"https:\/\/www.datamondial.com\/#\/schema\/logo\/image\/","url":"https:\/\/www.datamondial.com\/wp-content\/uploads\/2022\/10\/datamondial_onderschrift.svg","contentUrl":"https:\/\/www.datamondial.com\/wp-content\/uploads\/2022\/10\/datamondial_onderschrift.svg","width":431,"height":94,"caption":"DataMondial"},"image":{"@id":"https:\/\/www.datamondial.com\/#\/schema\/logo\/image\/"},"sameAs":["https:\/\/www.linkedin.com\/company\/datamondial\/"]}]}},"_links":{"self":[{"href":"https:\/\/www.datamondial.com\/de\/wp-json\/wp\/v2\/pages\/6397","targetHints":{"allow":["GET"]}}],"collection":[{"href":"https:\/\/www.datamondial.com\/de\/wp-json\/wp\/v2\/pages"}],"about":[{"href":"https:\/\/www.datamondial.com\/de\/wp-json\/wp\/v2\/types\/page"}],"author":[{"embeddable":true,"href":"https:\/\/www.datamondial.com\/de\/wp-json\/wp\/v2\/users\/5"}],"replies":[{"embeddable":true,"href":"https:\/\/www.datamondial.com\/de\/wp-json\/wp\/v2\/comments?post=6397"}],"version-history":[{"count":3,"href":"https:\/\/www.datamondial.com\/de\/wp-json\/wp\/v2\/pages\/6397\/revisions"}],"predecessor-version":[{"id":14692,"href":"https:\/\/www.datamondial.com\/de\/wp-json\/wp\/v2\/pages\/6397\/revisions\/14692"}],"wp:attachment":[{"href":"https:\/\/www.datamondial.com\/de\/wp-json\/wp\/v2\/media?parent=6397"}],"curies":[{"name":"wp","href":"https:\/\/api.w.org\/{rel}","templated":true}]}}